{"id":353,"date":"2019-01-04T12:13:53","date_gmt":"2019-01-04T11:13:53","guid":{"rendered":"https:\/\/manon.qodeinteractive.com\/elementor\/?page_id=353"},"modified":"2021-10-11T23:33:28","modified_gmt":"2021-10-11T21:33:28","slug":"decouvre-christ-en-toi","status":"publish","type":"page","link":"https:\/\/www.okoministries.com\/preprod\/plateformes\/decouvre-christ-en-toi\/","title":{"rendered":"D\u00e9couvre Christ en toi"},"content":{"rendered":"\t\t<div data-elementor-type=\"wp-page\" data-elementor-id=\"353\" class=\"elementor elementor-353\" data-elementor-settings=\"[]\">\n\t\t\t\t\t\t\t<div class=\"elementor-section-wrap\">\n\t\t\t\t\t\t\t<section class=\"elementor-section elementor-top-section elementor-element elementor-element-bbcab58 elementor-section-boxed elementor-section-height-default elementor-section-height-default edgtf-parallax-row-no edgtf-content-aligment-left edgtf-row-grid-no edgtf-disabled-bg-image-bellow-no\" data-id=\"bbcab58\" data-element_type=\"section\">\n\t\t\t\t\t\t<div class=\"elementor-container elementor-column-gap-default\">\n\t\t\t\t\t<div class=\"elementor-column elementor-col-100 elementor-top-column elementor-element elementor-element-7ed67a2\" data-id=\"7ed67a2\" data-element_type=\"column\">\n\t\t\t<div class=\"elementor-widget-wrap\">\n\t\t\t\t\t\t\t\t\t<\/div>\n\t\t<\/div>\n\t\t\t\t\t\t\t<\/div>\n\t\t<\/section>\n\t\t\t\t<section class=\"elementor-section elementor-top-section elementor-element elementor-element-1d20c25 elementor-section-boxed elementor-section-height-default elementor-section-height-default edgtf-parallax-row-no edgtf-content-aligment-left edgtf-row-grid-no edgtf-disabled-bg-image-bellow-no elementor-invisible\" data-id=\"1d20c25\" data-element_type=\"section\" data-settings=\"{&quot;animation&quot;:&quot;fadeInLeft&quot;}\">\n\t\t\t\t\t\t<div class=\"elementor-container elementor-column-gap-default\">\n\t\t\t\t\t<div class=\"elementor-column elementor-col-50 elementor-top-column elementor-element elementor-element-a6413ee\" data-id=\"a6413ee\" data-element_type=\"column\">\n\t\t\t<div class=\"elementor-widget-wrap elementor-element-populated\">\n\t\t\t\t\t\t\t\t<div class=\"elementor-element elementor-element-cf48f97 elementor-widget elementor-widget-text-editor\" data-id=\"cf48f97\" data-element_type=\"widget\" data-widget_type=\"text-editor.default\">\n\t\t\t\t<div class=\"elementor-widget-container\">\n\t\t\t\t\t\t\t<p>Savez-vous que les temps actuels n\u00e9cessitent l\u2019\u00e9mergence de disciples accomplis ? D\u00e9couvre Christ en toi, la plateforme qui pr\u00f4ne la maturit\u00e9 spirituelle \u00e0 tout prix.<\/p><p>Nous vous convions, chaque ann\u00e9e, au MJC Gospel Seminary, le s\u00e9minaire acc\u00e8s sur la connaissance et la sagesse en vue de votre croissance spirituelle.<\/p><p><strong><em>\u00ab Pour d\u00e9couvrir Christ, il faut manifester la volont\u00e9<br \/><\/em><\/strong><em>Pasteur Simon OKO \u2013 MJC Gospel Seminary \u201918 \u00bb<\/em><\/p>\t\t\t\t\t\t<\/div>\n\t\t\t\t<\/div>\n\t\t\t\t\t<\/div>\n\t\t<\/div>\n\t\t\t\t<div class=\"elementor-column elementor-col-50 elementor-top-column elementor-element elementor-element-1a0cabf\" data-id=\"1a0cabf\" data-element_type=\"column\">\n\t\t\t<div class=\"elementor-widget-wrap elementor-element-populated\">\n\t\t\t\t\t\t\t\t<div class=\"elementor-element elementor-element-5746a05 elementor-widget elementor-widget-text-editor\" data-id=\"5746a05\" data-element_type=\"widget\" data-widget_type=\"text-editor.default\">\n\t\t\t\t<div class=\"elementor-widget-container\">\n\t\t\t\t\t\t\t<p>\u00ab D\u00e9couvre Christ en toi \u00bb est la th\u00e9matique centrale du MJC Gospel Seminary. <br \/>A tous ceux qui aspirent \u00e0 manifester le caract\u00e8re de Christ, soyez s\u00fbrs que les enseignements d\u00e9livr\u00e9s durant ces sessions le formeront en vous.<\/p><p><em><strong>\u00ab Quand tu affrontes tes propres d\u00e9mons, tu es en route pour trouver Christ\u2026 en toi !<br \/><\/strong><\/em><em>Pasteur Simon OKO \u2013 MJCGospel Seminary \u201918 \u00bb<\/em><\/p>\t\t\t\t\t\t<\/div>\n\t\t\t\t<\/div>\n\t\t\t\t\t<\/div>\n\t\t<\/div>\n\t\t\t\t\t\t\t<\/div>\n\t\t<\/section>\n\t\t\t\t<section class=\"elementor-section elementor-top-section elementor-element elementor-element-b6b8c15 elementor-section-boxed elementor-section-height-default elementor-section-height-default edgtf-parallax-row-no edgtf-content-aligment-left edgtf-row-grid-no edgtf-disabled-bg-image-bellow-no elementor-invisible\" data-id=\"b6b8c15\" data-element_type=\"section\" data-settings=\"{&quot;animation&quot;:&quot;fadeInRight&quot;}\">\n\t\t\t\t\t\t<div class=\"elementor-container elementor-column-gap-default\">\n\t\t\t\t\t<div class=\"elementor-column elementor-col-100 elementor-top-column elementor-element elementor-element-79c29f7\" data-id=\"79c29f7\" data-element_type=\"column\">\n\t\t\t<div class=\"elementor-widget-wrap elementor-element-populated\">\n\t\t\t\t\t\t\t\t<div class=\"elementor-element elementor-element-edd0f24 elementor-widget elementor-widget-image\" data-id=\"edd0f24\" data-element_type=\"widget\" data-widget_type=\"image.default\">\n\t\t\t\t<div class=\"elementor-widget-container\">\n\t\t\t\t\t\t\t\t\t\t\t\t\t\t\t<img decoding=\"async\" src=\"https:\/\/www.okoministries.com\/preprod\/wp-content\/uploads\/elementor\/thumbs\/blog-feature-img-8-p9ov5t95t4dgtev6wjzmkqxn01eyuqgw6xio4sjicg.jpg\" title=\"blog-feature-img-8\" alt=\"a\" \/>\t\t\t\t\t\t\t\t\t\t\t\t\t\t\t<\/div>\n\t\t\t\t<\/div>\n\t\t\t\t\t<\/div>\n\t\t<\/div>\n\t\t\t\t\t\t\t<\/div>\n\t\t<\/section>\n\t\t\t\t<section class=\"elementor-section elementor-top-section elementor-element elementor-element-dde78d6 elementor-section-boxed elementor-section-height-default elementor-section-height-default edgtf-parallax-row-no edgtf-content-aligment-left edgtf-row-grid-no edgtf-disabled-bg-image-bellow-no elementor-invisible\" data-id=\"dde78d6\" data-element_type=\"section\" data-settings=\"{&quot;animation&quot;:&quot;fadeInUp&quot;}\">\n\t\t\t\t\t\t<div class=\"elementor-container elementor-column-gap-default\">\n\t\t\t\t\t<div class=\"elementor-column elementor-col-100 elementor-top-column elementor-element elementor-element-7b7a27d\" data-id=\"7b7a27d\" data-element_type=\"column\">\n\t\t\t<div class=\"elementor-widget-wrap elementor-element-populated\">\n\t\t\t\t\t\t\t\t<div class=\"elementor-element elementor-element-027a442 elementor-widget elementor-widget-text-editor\" data-id=\"027a442\" data-element_type=\"widget\" data-widget_type=\"text-editor.default\">\n\t\t\t\t<div class=\"elementor-widget-container\">\n\t\t\t\t\t\t\t<p>Nous croyons qu\u2019il est possible de passer du n\u00e9ant \u00e0 l\u2019ob\u00e9issance de Christ et, nous vous le d\u00e9montrons. Il est temps de jouir de la vie car vous avez de l\u2019avenir.<\/p><p>Mes enfants, pour qui j\u2019\u00e9prouve de nouveau les douleurs de l\u2019enfantement, jusqu\u2019\u00e0 ce que Christ soit form\u00e9 en vous. <strong>Galates 4:19<\/strong><\/p>\t\t\t\t\t\t<\/div>\n\t\t\t\t<\/div>\n\t\t\t\t\t<\/div>\n\t\t<\/div>\n\t\t\t\t\t\t\t<\/div>\n\t\t<\/section>\n\t\t\t\t\t\t<\/div>\n\t\t\t\t\t<\/div>\n\t\t","protected":false},"excerpt":{"rendered":"<p>Savez-vous que les temps actuels n\u00e9cessitent l\u2019\u00e9mergence de disciples accomplis ? D\u00e9couvre Christ en toi, la plateforme qui pr\u00f4ne la maturit\u00e9 spirituelle \u00e0 tout prix. Nous vous convions, chaque ann\u00e9e, au MJC Gospel Seminary, le s\u00e9minaire acc\u00e8s sur la connaissance [&hellip;]<\/p>\n","protected":false},"author":1,"featured_media":0,"parent":3970,"menu_order":1,"comment_status":"closed","ping_status":"closed","template":"full-width.php","meta":{"footnotes":""},"class_list":["post-353","page","type-page","status-publish","hentry"],"_links":{"self":[{"href":"https:\/\/www.okoministries.com\/preprod\/wp-json\/wp\/v2\/pages\/353","targetHints":{"allow":["GET"]}}],"collection":[{"href":"https:\/\/www.okoministries.com\/preprod\/wp-json\/wp\/v2\/pages"}],"about":[{"href":"https:\/\/www.okoministries.com\/preprod\/wp-json\/wp\/v2\/types\/page"}],"author":[{"embeddable":true,"href":"https:\/\/www.okoministries.com\/preprod\/wp-json\/wp\/v2\/users\/1"}],"replies":[{"embeddable":true,"href":"https:\/\/www.okoministries.com\/preprod\/wp-json\/wp\/v2\/comments?post=353"}],"version-history":[{"count":27,"href":"https:\/\/www.okoministries.com\/preprod\/wp-json\/wp\/v2\/pages\/353\/revisions"}],"predecessor-version":[{"id":4012,"href":"https:\/\/www.okoministries.com\/preprod\/wp-json\/wp\/v2\/pages\/353\/revisions\/4012"}],"up":[{"embeddable":true,"href":"https:\/\/www.okoministries.com\/preprod\/wp-json\/wp\/v2\/pages\/3970"}],"wp:attachment":[{"href":"https:\/\/www.okoministries.com\/preprod\/wp-json\/wp\/v2\/media?parent=353"}],"curies":[{"name":"wp","href":"https:\/\/api.w.org\/{rel}","templated":true}]}}