{"id":3593,"date":"2018-12-26T15:17:06","date_gmt":"2018-12-26T14:17:06","guid":{"rendered":"https:\/\/manon.qodeinteractive.com\/elementor\/?page_id=12"},"modified":"2021-10-11T23:52:38","modified_gmt":"2021-10-11T21:52:38","slug":"au-coeur-des-familles","status":"publish","type":"page","link":"https:\/\/www.okoministries.com\/preprod\/plateformes\/au-coeur-des-familles\/","title":{"rendered":"Au coeur des familles"},"content":{"rendered":"\t\t<div data-elementor-type=\"wp-page\" data-elementor-id=\"3593\" class=\"elementor elementor-3593\" data-elementor-settings=\"[]\">\n\t\t\t\t\t\t\t<div class=\"elementor-section-wrap\">\n\t\t\t\t\t\t\t<section class=\"elementor-section elementor-top-section elementor-element elementor-element-75424eb elementor-section-boxed elementor-section-height-default elementor-section-height-default edgtf-parallax-row-no edgtf-content-aligment-left edgtf-row-grid-no edgtf-disabled-bg-image-bellow-no elementor-invisible\" data-id=\"75424eb\" data-element_type=\"section\" data-settings=\"{&quot;animation&quot;:&quot;fadeInRight&quot;}\">\n\t\t\t\t\t\t<div class=\"elementor-container elementor-column-gap-default\">\n\t\t\t\t\t<div class=\"elementor-column elementor-col-100 elementor-top-column elementor-element elementor-element-9204404\" data-id=\"9204404\" data-element_type=\"column\">\n\t\t\t<div class=\"elementor-widget-wrap elementor-element-populated\">\n\t\t\t\t\t\t\t\t<div class=\"elementor-element elementor-element-db27007 elementor-widget elementor-widget-image\" data-id=\"db27007\" data-element_type=\"widget\" data-widget_type=\"image.default\">\n\t\t\t\t<div class=\"elementor-widget-container\">\n\t\t\t\t\t\t\t\t\t\t\t\t\t\t\t<img decoding=\"async\" src=\"https:\/\/www.okoministries.com\/preprod\/wp-content\/uploads\/elementor\/thumbs\/blog-feature-img-8-p9ov5t95t4dgtev6wjzmkqxn01eyuqgw6xio4sjicg.jpg\" title=\"blog-feature-img-8\" alt=\"a\" \/>\t\t\t\t\t\t\t\t\t\t\t\t\t\t\t<\/div>\n\t\t\t\t<\/div>\n\t\t\t\t\t<\/div>\n\t\t<\/div>\n\t\t\t\t\t\t\t<\/div>\n\t\t<\/section>\n\t\t\t\t<section class=\"elementor-section elementor-top-section elementor-element elementor-element-0ada674 elementor-section-boxed elementor-section-height-default elementor-section-height-default edgtf-parallax-row-no edgtf-content-aligment-left edgtf-row-grid-no edgtf-disabled-bg-image-bellow-no elementor-invisible\" data-id=\"0ada674\" data-element_type=\"section\" data-settings=\"{&quot;animation&quot;:&quot;fadeInUp&quot;}\">\n\t\t\t\t\t\t<div class=\"elementor-container elementor-column-gap-default\">\n\t\t\t\t\t<div class=\"elementor-column elementor-col-100 elementor-top-column elementor-element elementor-element-d73b9f5\" data-id=\"d73b9f5\" data-element_type=\"column\">\n\t\t\t<div class=\"elementor-widget-wrap elementor-element-populated\">\n\t\t\t\t\t\t\t\t<div class=\"elementor-element elementor-element-068565b elementor-widget elementor-widget-text-editor\" data-id=\"068565b\" data-element_type=\"widget\" data-widget_type=\"text-editor.default\">\n\t\t\t\t<div class=\"elementor-widget-container\">\n\t\t\t\t\t\t\t<p>La plateforme gagnante pour toutes les g\u00e9n\u00e9rations confondues. Recevez les cl\u00e9s et principes pour abonder en gr\u00e2ce au sein de votre famille, pour y voir Dieu r\u00e9gner et \u00e9voluer unis.<br><\/p>\t\t\t\t\t\t<\/div>\n\t\t\t\t<\/div>\n\t\t\t\t\t<\/div>\n\t\t<\/div>\n\t\t\t\t\t\t\t<\/div>\n\t\t<\/section>\n\t\t\t\t\t\t<\/div>\n\t\t\t\t\t<\/div>\n\t\t","protected":false},"excerpt":{"rendered":"<p>La plateforme gagnante pour toutes les g\u00e9n\u00e9rations confondues. Recevez les cl\u00e9s et principes pour abonder en gr\u00e2ce au sein de votre famille, pour y voir Dieu r\u00e9gner et \u00e9voluer unis.<\/p>\n","protected":false},"author":1,"featured_media":0,"parent":3970,"menu_order":4,"comment_status":"closed","ping_status":"closed","template":"full-width.php","meta":{"footnotes":""},"class_list":["post-3593","page","type-page","status-publish","hentry"],"_links":{"self":[{"href":"https:\/\/www.okoministries.com\/preprod\/wp-json\/wp\/v2\/pages\/3593","targetHints":{"allow":["GET"]}}],"collection":[{"href":"https:\/\/www.okoministries.com\/preprod\/wp-json\/wp\/v2\/pages"}],"about":[{"href":"https:\/\/www.okoministries.com\/preprod\/wp-json\/wp\/v2\/types\/page"}],"author":[{"embeddable":true,"href":"https:\/\/www.okoministries.com\/preprod\/wp-json\/wp\/v2\/users\/1"}],"replies":[{"embeddable":true,"href":"https:\/\/www.okoministries.com\/preprod\/wp-json\/wp\/v2\/comments?post=3593"}],"version-history":[{"count":12,"href":"https:\/\/www.okoministries.com\/preprod\/wp-json\/wp\/v2\/pages\/3593\/revisions"}],"predecessor-version":[{"id":4019,"href":"https:\/\/www.okoministries.com\/preprod\/wp-json\/wp\/v2\/pages\/3593\/revisions\/4019"}],"up":[{"embeddable":true,"href":"https:\/\/www.okoministries.com\/preprod\/wp-json\/wp\/v2\/pages\/3970"}],"wp:attachment":[{"href":"https:\/\/www.okoministries.com\/preprod\/wp-json\/wp\/v2\/media?parent=3593"}],"curies":[{"name":"wp","href":"https:\/\/api.w.org\/{rel}","templated":true}]}}