{"id":4032,"date":"2021-10-12T15:18:55","date_gmt":"2021-10-12T13:18:55","guid":{"rendered":"https:\/\/www.okoministries.com\/preprod\/?page_id=4032"},"modified":"2021-10-12T21:03:54","modified_gmt":"2021-10-12T19:03:54","slug":"pepiniere","status":"publish","type":"page","link":"https:\/\/www.okoministries.com\/preprod\/vie-d-eglise\/pepiniere\/","title":{"rendered":"P\u00e9pini\u00e8re"},"content":{"rendered":"\t\t<div data-elementor-type=\"wp-page\" data-elementor-id=\"4032\" class=\"elementor elementor-4032\" data-elementor-settings=\"[]\">\n\t\t\t\t\t\t\t<div class=\"elementor-section-wrap\">\n\t\t\t\t\t\t\t<section class=\"elementor-section elementor-top-section elementor-element elementor-element-ac12b6d elementor-section-height-min-height elementor-section-boxed elementor-section-height-default elementor-section-items-middle edgtf-parallax-row-no edgtf-content-aligment-left edgtf-row-grid-no edgtf-disabled-bg-image-bellow-no\" data-id=\"ac12b6d\" data-element_type=\"section\">\n\t\t\t\t\t\t<div class=\"elementor-container elementor-column-gap-default\">\n\t\t\t\t\t<div class=\"elementor-column elementor-col-100 elementor-top-column elementor-element elementor-element-6b37c26\" data-id=\"6b37c26\" data-element_type=\"column\">\n\t\t\t<div class=\"elementor-widget-wrap elementor-element-populated\">\n\t\t\t\t\t\t\t\t<div class=\"elementor-element elementor-element-7ccb237 elementor-widget elementor-widget-image\" data-id=\"7ccb237\" data-element_type=\"widget\" data-widget_type=\"image.default\">\n\t\t\t\t<div class=\"elementor-widget-container\">\n\t\t\t\t\t\t\t\t\t\t\t\t\t\t\t<img loading=\"lazy\" decoding=\"async\" width=\"1024\" height=\"341\" src=\"https:\/\/www.okoministries.com\/preprod\/wp-content\/uploads\/2019\/01\/p7-img-1-1024x341.jpg\" class=\"attachment-large size-large\" alt=\"a\" srcset=\"https:\/\/www.okoministries.com\/preprod\/wp-content\/uploads\/2019\/01\/p7-img-1-1024x341.jpg 1024w, https:\/\/www.okoministries.com\/preprod\/wp-content\/uploads\/2019\/01\/p7-img-1-600x200.jpg 600w, https:\/\/www.okoministries.com\/preprod\/wp-content\/uploads\/2019\/01\/p7-img-1-300x100.jpg 300w, https:\/\/www.okoministries.com\/preprod\/wp-content\/uploads\/2019\/01\/p7-img-1-768x256.jpg 768w, https:\/\/www.okoministries.com\/preprod\/wp-content\/uploads\/2019\/01\/p7-img-1-1536x511.jpg 1536w, https:\/\/www.okoministries.com\/preprod\/wp-content\/uploads\/2019\/01\/p7-img-1.jpg 1776w\" sizes=\"auto, (max-width: 1024px) 100vw, 1024px\" \/>\t\t\t\t\t\t\t\t\t\t\t\t\t\t\t<\/div>\n\t\t\t\t<\/div>\n\t\t\t\t\t<\/div>\n\t\t<\/div>\n\t\t\t\t\t\t\t<\/div>\n\t\t<\/section>\n\t\t\t\t<section class=\"elementor-section elementor-top-section elementor-element elementor-element-25b7bdc elementor-section-boxed elementor-section-height-default elementor-section-height-default edgtf-parallax-row-no edgtf-content-aligment-left edgtf-row-grid-no edgtf-disabled-bg-image-bellow-no\" data-id=\"25b7bdc\" data-element_type=\"section\">\n\t\t\t\t\t\t<div class=\"elementor-container elementor-column-gap-default\">\n\t\t\t\t\t<div class=\"elementor-column elementor-col-100 elementor-top-column elementor-element elementor-element-c21048b\" data-id=\"c21048b\" data-element_type=\"column\">\n\t\t\t<div class=\"elementor-widget-wrap elementor-element-populated\">\n\t\t\t\t\t\t\t\t<div class=\"elementor-element elementor-element-57072f6 elementor-widget elementor-widget-text-editor\" data-id=\"57072f6\" data-element_type=\"widget\" data-widget_type=\"text-editor.default\">\n\t\t\t\t<div class=\"elementor-widget-container\">\n\t\t\t\t\t\t\t<h3 style=\"background-color: #ffffff; font-size: 30px; line-height: 1.15em;\"><strong>Le mouvement de l&rsquo;esprit nous rend dynamique<\/strong>.<\/h3><div>\u00a0<\/div><div><div>Vous \u00eates courageux, d\u00e9sireux de servir et respecter le Seigneur ?<\/div><div>Vous \u00eates utiles ! Rejoignez nos \u00e9quipes actives sur le terrain et, comme un seul homme, faisons avancer le royaume.<\/div><div>Nous ne sommes pas n\u00e9s forts : nous sommes une \u00e9glise en plein essor !<\/div><\/div>\t\t\t\t\t\t<\/div>\n\t\t\t\t<\/div>\n\t\t\t\t\t<\/div>\n\t\t<\/div>\n\t\t\t\t\t\t\t<\/div>\n\t\t<\/section>\n\t\t\t\t\t\t<\/div>\n\t\t\t\t\t<\/div>\n\t\t","protected":false},"excerpt":{"rendered":"<p>Le mouvement de l&rsquo;esprit nous rend dynamique. \u00a0Vous \u00eates courageux, d\u00e9sireux de servir et respecter le Seigneur ?Vous \u00eates utiles ! Rejoignez nos \u00e9quipes actives sur le terrain et, comme un seul homme, faisons avancer le royaume.Nous ne sommes pas [&hellip;]<\/p>\n","protected":false},"author":1,"featured_media":0,"parent":431,"menu_order":3,"comment_status":"closed","ping_status":"closed","template":"","meta":{"footnotes":""},"class_list":["post-4032","page","type-page","status-publish","hentry"],"_links":{"self":[{"href":"https:\/\/www.okoministries.com\/preprod\/wp-json\/wp\/v2\/pages\/4032","targetHints":{"allow":["GET"]}}],"collection":[{"href":"https:\/\/www.okoministries.com\/preprod\/wp-json\/wp\/v2\/pages"}],"about":[{"href":"https:\/\/www.okoministries.com\/preprod\/wp-json\/wp\/v2\/types\/page"}],"author":[{"embeddable":true,"href":"https:\/\/www.okoministries.com\/preprod\/wp-json\/wp\/v2\/users\/1"}],"replies":[{"embeddable":true,"href":"https:\/\/www.okoministries.com\/preprod\/wp-json\/wp\/v2\/comments?post=4032"}],"version-history":[{"count":4,"href":"https:\/\/www.okoministries.com\/preprod\/wp-json\/wp\/v2\/pages\/4032\/revisions"}],"predecessor-version":[{"id":4066,"href":"https:\/\/www.okoministries.com\/preprod\/wp-json\/wp\/v2\/pages\/4032\/revisions\/4066"}],"up":[{"embeddable":true,"href":"https:\/\/www.okoministries.com\/preprod\/wp-json\/wp\/v2\/pages\/431"}],"wp:attachment":[{"href":"https:\/\/www.okoministries.com\/preprod\/wp-json\/wp\/v2\/media?parent=4032"}],"curies":[{"name":"wp","href":"https:\/\/api.w.org\/{rel}","templated":true}]}}