{"id":4081,"date":"2021-10-12T21:57:54","date_gmt":"2021-10-12T19:57:54","guid":{"rendered":"https:\/\/www.okoministries.com\/preprod\/?page_id=4081"},"modified":"2021-10-12T22:00:25","modified_gmt":"2021-10-12T20:00:25","slug":"devenez-partenaire","status":"publish","type":"page","link":"https:\/\/www.okoministries.com\/preprod\/devenez-partenaire\/","title":{"rendered":"Partenaire"},"content":{"rendered":"\t\t<div data-elementor-type=\"wp-page\" data-elementor-id=\"4081\" class=\"elementor elementor-4081\" data-elementor-settings=\"[]\">\n\t\t\t\t\t\t\t<div class=\"elementor-section-wrap\">\n\t\t\t\t\t\t\t<section class=\"elementor-section elementor-top-section elementor-element elementor-element-1ca5d33 elementor-section-height-min-height elementor-section-boxed elementor-section-height-default elementor-section-items-middle edgtf-parallax-row-no edgtf-content-aligment-left edgtf-row-grid-no edgtf-disabled-bg-image-bellow-no\" data-id=\"1ca5d33\" data-element_type=\"section\">\n\t\t\t\t\t\t<div class=\"elementor-container elementor-column-gap-default\">\n\t\t\t\t\t<div class=\"elementor-column elementor-col-100 elementor-top-column elementor-element elementor-element-875c962\" data-id=\"875c962\" data-element_type=\"column\">\n\t\t\t<div class=\"elementor-widget-wrap elementor-element-populated\">\n\t\t\t\t\t\t\t\t<div class=\"elementor-element elementor-element-c1180cb elementor-widget elementor-widget-image\" data-id=\"c1180cb\" data-element_type=\"widget\" data-widget_type=\"image.default\">\n\t\t\t\t<div class=\"elementor-widget-container\">\n\t\t\t\t\t\t\t\t\t\t\t\t\t\t\t<img loading=\"lazy\" decoding=\"async\" width=\"1024\" height=\"341\" src=\"https:\/\/www.okoministries.com\/preprod\/wp-content\/uploads\/2019\/01\/p7-img-1-1024x341.jpg\" class=\"attachment-large size-large\" alt=\"a\" srcset=\"https:\/\/www.okoministries.com\/preprod\/wp-content\/uploads\/2019\/01\/p7-img-1-1024x341.jpg 1024w, https:\/\/www.okoministries.com\/preprod\/wp-content\/uploads\/2019\/01\/p7-img-1-600x200.jpg 600w, https:\/\/www.okoministries.com\/preprod\/wp-content\/uploads\/2019\/01\/p7-img-1-300x100.jpg 300w, https:\/\/www.okoministries.com\/preprod\/wp-content\/uploads\/2019\/01\/p7-img-1-768x256.jpg 768w, https:\/\/www.okoministries.com\/preprod\/wp-content\/uploads\/2019\/01\/p7-img-1-1536x511.jpg 1536w, https:\/\/www.okoministries.com\/preprod\/wp-content\/uploads\/2019\/01\/p7-img-1.jpg 1776w\" sizes=\"auto, (max-width: 1024px) 100vw, 1024px\" \/>\t\t\t\t\t\t\t\t\t\t\t\t\t\t\t<\/div>\n\t\t\t\t<\/div>\n\t\t\t\t\t<\/div>\n\t\t<\/div>\n\t\t\t\t\t\t\t<\/div>\n\t\t<\/section>\n\t\t\t\t<section class=\"elementor-section elementor-top-section elementor-element elementor-element-31c9bcf elementor-section-boxed elementor-section-height-default elementor-section-height-default edgtf-parallax-row-no edgtf-content-aligment-left edgtf-row-grid-no edgtf-disabled-bg-image-bellow-no\" data-id=\"31c9bcf\" data-element_type=\"section\">\n\t\t\t\t\t\t<div class=\"elementor-container elementor-column-gap-default\">\n\t\t\t\t\t<div class=\"elementor-column elementor-col-100 elementor-top-column elementor-element elementor-element-e6f368b\" data-id=\"e6f368b\" data-element_type=\"column\">\n\t\t\t<div class=\"elementor-widget-wrap elementor-element-populated\">\n\t\t\t\t\t\t\t\t<div class=\"elementor-element elementor-element-ec60747 elementor-widget elementor-widget-text-editor\" data-id=\"ec60747\" data-element_type=\"widget\" data-widget_type=\"text-editor.default\">\n\t\t\t\t<div class=\"elementor-widget-container\">\n\t\t\t\t\t\t\t<div title=\"Page 9\"><div><div><p>R\u00e9v\u00e9ler chaque lettre de Christ ! Et si nous portions ensemble cette grande vision ? Mobilisons-nous et relevons les plus grand d\u00e9fis : diffuser l\u2019\u00e9vangile au travers d\u2019\u00e9missions innovantes et sous configurations inspir\u00e9es. Avec vous, nous visons plus de ressources humaines, spirituelles et financi\u00e8re , c\u2019est \u00e0 dire, nettement plus de possibilit\u00e9s.<\/p><p>Devenir partenaire OKO Ministries, c\u2019est permettre une diffusion plus large de l\u2019\u00c9vangile ! C\u2019est prendre part \u00e0 un projet grandeur nature. C\u2019est \u00eatre un b\u00e2tisseur r\u00e9v\u00e9l\u00e9 ! Aidez-nous \u00e0 construire ce r\u00eave que Dieu place dans nos c\u0153urs.<\/p><\/div><\/div><\/div>\t\t\t\t\t\t<\/div>\n\t\t\t\t<\/div>\n\t\t\t\t<div class=\"elementor-element elementor-element-82fcffc elementor-align-center elementor-widget elementor-widget-button\" data-id=\"82fcffc\" data-element_type=\"widget\" data-widget_type=\"button.default\">\n\t\t\t\t<div class=\"elementor-widget-container\">\n\t\t\t\t\t<div class=\"elementor-button-wrapper\">\n\t\t\t<a href=\"#\" class=\"elementor-button-link elementor-button elementor-size-sm\" role=\"button\">\n\t\t\t\t\t\t<span class=\"elementor-button-content-wrapper\">\n\t\t\t\t\t\t<span class=\"elementor-button-text\">JE DEVIENS PARTENAIRE<\/span>\n\t\t<\/span>\n\t\t\t\t\t<\/a>\n\t\t<\/div>\n\t\t\t\t<\/div>\n\t\t\t\t<\/div>\n\t\t\t\t\t<\/div>\n\t\t<\/div>\n\t\t\t\t\t\t\t<\/div>\n\t\t<\/section>\n\t\t\t\t\t\t<\/div>\n\t\t\t\t\t<\/div>\n\t\t","protected":false},"excerpt":{"rendered":"<p>R\u00e9v\u00e9ler chaque lettre de Christ ! Et si nous portions ensemble cette grande vision ? Mobilisons-nous et relevons les plus grand d\u00e9fis : diffuser l\u2019\u00e9vangile au travers d\u2019\u00e9missions innovantes et sous configurations inspir\u00e9es. Avec vous, nous visons plus de ressources [&hellip;]<\/p>\n","protected":false},"author":1,"featured_media":0,"parent":0,"menu_order":0,"comment_status":"closed","ping_status":"closed","template":"","meta":{"footnotes":""},"class_list":["post-4081","page","type-page","status-publish","hentry"],"_links":{"self":[{"href":"https:\/\/www.okoministries.com\/preprod\/wp-json\/wp\/v2\/pages\/4081","targetHints":{"allow":["GET"]}}],"collection":[{"href":"https:\/\/www.okoministries.com\/preprod\/wp-json\/wp\/v2\/pages"}],"about":[{"href":"https:\/\/www.okoministries.com\/preprod\/wp-json\/wp\/v2\/types\/page"}],"author":[{"embeddable":true,"href":"https:\/\/www.okoministries.com\/preprod\/wp-json\/wp\/v2\/users\/1"}],"replies":[{"embeddable":true,"href":"https:\/\/www.okoministries.com\/preprod\/wp-json\/wp\/v2\/comments?post=4081"}],"version-history":[{"count":4,"href":"https:\/\/www.okoministries.com\/preprod\/wp-json\/wp\/v2\/pages\/4081\/revisions"}],"predecessor-version":[{"id":4085,"href":"https:\/\/www.okoministries.com\/preprod\/wp-json\/wp\/v2\/pages\/4081\/revisions\/4085"}],"wp:attachment":[{"href":"https:\/\/www.okoministries.com\/preprod\/wp-json\/wp\/v2\/media?parent=4081"}],"curies":[{"name":"wp","href":"https:\/\/api.w.org\/{rel}","templated":true}]}}