{"id":592,"date":"2019-01-10T09:55:50","date_gmt":"2019-01-10T08:55:50","guid":{"rendered":"https:\/\/manon.qodeinteractive.com\/elementor\/?page_id=592"},"modified":"2021-10-12T21:15:04","modified_gmt":"2021-10-12T19:15:04","slug":"le-ministere","status":"publish","type":"page","link":"https:\/\/www.okoministries.com\/preprod\/le-ministere\/","title":{"rendered":"Le minist\u00e8re"},"content":{"rendered":"\t\t<div data-elementor-type=\"wp-page\" data-elementor-id=\"592\" class=\"elementor elementor-592\" data-elementor-settings=\"[]\">\n\t\t\t\t\t\t\t<div class=\"elementor-section-wrap\">\n\t\t\t\t\t\t\t<section class=\"elementor-section elementor-top-section elementor-element elementor-element-e0c5563 elementor-section-full_width elementor-section-height-min-height elementor-section-height-default elementor-section-items-middle edgtf-parallax-row-no edgtf-content-aligment-left edgtf-row-grid-no edgtf-disabled-bg-image-bellow-no\" data-id=\"e0c5563\" data-element_type=\"section\" data-settings=\"{&quot;background_background&quot;:&quot;classic&quot;}\">\n\t\t\t\t\t\t<div class=\"elementor-container elementor-column-gap-no\">\n\t\t\t\t\t<div class=\"elementor-column elementor-col-100 elementor-top-column elementor-element elementor-element-e0e229d\" data-id=\"e0e229d\" data-element_type=\"column\">\n\t\t\t<div class=\"elementor-widget-wrap elementor-element-populated\">\n\t\t\t\t\t\t\t\t<div class=\"elementor-element elementor-element-689d94d elementor-widget elementor-widget-heading\" data-id=\"689d94d\" data-element_type=\"widget\" data-widget_type=\"heading.default\">\n\t\t\t\t<div class=\"elementor-widget-container\">\n\t\t\t<h2 class=\"elementor-heading-title elementor-size-default\">Le minist\u00e8re<\/h2>\t\t<\/div>\n\t\t\t\t<\/div>\n\t\t\t\t\t<\/div>\n\t\t<\/div>\n\t\t\t\t\t\t\t<\/div>\n\t\t<\/section>\n\t\t\t\t<section class=\"elementor-section elementor-top-section elementor-element elementor-element-c39b614 elementor-section-boxed elementor-section-height-default elementor-section-height-default edgtf-parallax-row-no edgtf-content-aligment-left edgtf-row-grid-no edgtf-disabled-bg-image-bellow-no\" data-id=\"c39b614\" data-element_type=\"section\">\n\t\t\t\t\t\t<div class=\"elementor-container elementor-column-gap-default\">\n\t\t\t\t\t<div class=\"elementor-column elementor-col-100 elementor-top-column elementor-element elementor-element-689bfd4\" data-id=\"689bfd4\" data-element_type=\"column\">\n\t\t\t<div class=\"elementor-widget-wrap elementor-element-populated\">\n\t\t\t\t\t\t\t\t<div class=\"elementor-element elementor-element-2953075 elementor-widget elementor-widget-text-editor\" data-id=\"2953075\" data-element_type=\"widget\" data-widget_type=\"text-editor.default\">\n\t\t\t\t<div class=\"elementor-widget-container\">\n\t\t\t\t\t\t\t<p class=\"p1\">Via OKO MINISTRIES, Dieu fa\u00e7onne l\u2019homme pour une parfaite ad\u00e9quation avec l\u2019histoire qu\u2019il a \u00e9crite pour lui, avant sa manifestation sur la terre. Ce minist\u00e8re est caract\u00e9ris\u00e9 par des coeurs repentants, des esprits conqu\u00e9rants, assoiff\u00e9s de vivre Christ.<\/p><p class=\"p1\">OKO MINISTRIES rappelle \u00e0 l\u2019homme qu\u2019il est un message de Dieu \u00e0 la terre, destin\u00e9 \u00e0 changer le cours de l\u2019histoire. Or sans Christ, le r\u00e9cit de sa vie manque de saveur pour sa propre ruine. Il ram\u00e8ne donc le focus sur Christ pour puiser en lui les ressources n\u00e9cessaires \u00e0 une vie prosp\u00e8re.<\/p>\t\t\t\t\t\t<\/div>\n\t\t\t\t<\/div>\n\t\t\t\t\t<\/div>\n\t\t<\/div>\n\t\t\t\t\t\t\t<\/div>\n\t\t<\/section>\n\t\t\t\t<section class=\"elementor-section elementor-top-section elementor-element elementor-element-808e081 elementor-section-boxed elementor-section-height-default elementor-section-height-default edgtf-parallax-row-no edgtf-content-aligment-left edgtf-row-grid-no edgtf-disabled-bg-image-bellow-no\" data-id=\"808e081\" data-element_type=\"section\">\n\t\t\t\t\t\t<div class=\"elementor-container elementor-column-gap-default\">\n\t\t\t\t\t<div class=\"elementor-column elementor-col-100 elementor-top-column elementor-element elementor-element-81f5054\" data-id=\"81f5054\" data-element_type=\"column\">\n\t\t\t<div class=\"elementor-widget-wrap elementor-element-populated\">\n\t\t\t\t\t\t\t\t<div class=\"elementor-element elementor-element-faf2d64 elementor-widget elementor-widget-text-editor\" data-id=\"faf2d64\" data-element_type=\"widget\" data-widget_type=\"text-editor.default\">\n\t\t\t\t<div class=\"elementor-widget-container\">\n\t\t\t\t\t\t\t<p>OKO MINISTRIES \u00e9veille par la Parole de Dieu votre saine intelligence. Ce minist\u00e8re conduit \u00e0 <b>C.H.A.N.G.E.R<\/b> au travers de la rencontre avec CHRIST. Il suscite et sollicite, jour apr\u00e8s jour, votre foi pour une condition de vie transform\u00e9e. Tels sont ses objectifs par l\u2019annonce de l\u2019Evangile :<\/p><div title=\"Page 3\"><p style=\"background-color: #ffffff; font-size: 30px; line-height: 1.15em; text-align: start;\"><strong>C.<\/strong><span style=\"font-size: 15px;\">irconcir les c\u0153urs<\/span><\/p><p style=\"background-color: #ffffff; font-size: 30px; line-height: 1.15em; text-align: start;\"><strong>H.<\/strong><span style=\"font-size: 15px;\">e\u0301riter du salut et honorer Dieu<\/span><\/p><p style=\"background-color: #ffffff; font-size: 30px; line-height: 1.15em; text-align: start;\"><strong>A.<\/strong><span style=\"font-size: 15px;\">rmer les c\u0153urs d\u2019amour<\/span><\/p><p style=\"background-color: #ffffff; font-size: 30px; line-height: 1.15em; text-align: start;\"><strong>N.<\/strong><span style=\"font-size: 15px;\">ourrir l\u2019homme inte\u0301rieur<\/span><\/p><p style=\"background-color: #ffffff; font-size: 30px; line-height: 1.15em; text-align: start;\"><strong>G.<\/strong><span style=\"font-size: 15px;\">agner Christ et ge\u0301ne\u0301rer des disciples accomplis<\/span><\/p><p style=\"background-color: #ffffff; font-size: 30px; line-height: 1.15em; text-align: start;\"><strong>E.<\/strong><span style=\"font-size: 15px;\">quiper et embrasser la liberte\u0301<\/span><\/p><p style=\"background-color: #ffffff; font-size: 30px; line-height: 1.15em; text-align: start;\"><strong>R.<\/strong><span style=\"font-size: 15px;\">e\u0301concilier le c\u0153ur des pe\u0300res envers leurs enfants et le c\u0153ur des enfants envers leurs pe\u0300res<\/span><\/p><\/div><div title=\"Page 3\"><div><div><p>OKO MINISTRIES annonce la promesse de la vie qui est en Je\u0301sus-Christ : votre e\u0301tat actuel ou passe\u0301 ne pre\u0301vaut pas sur les desseins spe\u0301cifiques de Dieu pour votre vie. Qui que vous soyez, le plus fort comme le plus faible, il existe encore une trajectoire particulie\u0300re et pre\u0301cise que vous pouvez emprunter pour vivre en paix, comme Dieu veut, votre vie e\u0301ternelle.<\/p><\/div><\/div><\/div>\t\t\t\t\t\t<\/div>\n\t\t\t\t<\/div>\n\t\t\t\t\t<\/div>\n\t\t<\/div>\n\t\t\t\t\t\t\t<\/div>\n\t\t<\/section>\n\t\t\t\t<section class=\"elementor-section elementor-top-section elementor-element elementor-element-c4104b3 elementor-section-boxed elementor-section-height-default elementor-section-height-default edgtf-parallax-row-no edgtf-content-aligment-left edgtf-row-grid-no edgtf-disabled-bg-image-bellow-no\" data-id=\"c4104b3\" data-element_type=\"section\">\n\t\t\t\t\t\t<div class=\"elementor-container elementor-column-gap-default\">\n\t\t\t\t\t<div class=\"elementor-column elementor-col-100 elementor-top-column elementor-element elementor-element-0f5709b\" data-id=\"0f5709b\" data-element_type=\"column\">\n\t\t\t<div class=\"elementor-widget-wrap elementor-element-populated\">\n\t\t\t\t\t\t\t\t<div class=\"elementor-element elementor-element-44e434f elementor-widget elementor-widget-text-editor\" data-id=\"44e434f\" data-element_type=\"widget\" data-widget_type=\"text-editor.default\">\n\t\t\t\t<div class=\"elementor-widget-container\">\n\t\t\t\t\t\t\t<div class=\"page\" title=\"Page 3\">\n<div class=\"layoutArea\">\n<div class=\"column\">\n<p>OKO MINISTRIES \u0153uvre pour que Christ soit forme\u0301 en vous et vous, convertis, fonde\u0301s en Christ. Il instruit la Parole de Dieu. Il en fait usage tel ce miroir qui face a\u0300 vos me\u0301moires re\u0301fle\u0301chit la lumie\u0300re et e\u0301blouit. Visage de\u0301couvert, refle\u0301tant l\u2019Esprit du Seigneur, vous e\u0301voluez de gloire en gloire et la honte vous quitte.<\/p>\n<p>Par la voie du pardon et de la re\u0301conciliation, vous embrassez votre destine\u0301e. OKO MINISTRIES re\u0301veille l\u2019audace divine pour changer l\u2019atmosphe\u0300re autour de vous, l\u2019enveloppe sur vous et de\u0301chirer de\u0301finitivement ce voile de se\u0301paration entre vous et Dieu. Equipe\u0301s, vous travaillez a\u0300 votre salut et c\u2019est contagieux !<\/p><p><br><\/p><p>\n\t\t\n\t\n\t\n\t\t<\/p><div class=\"page\" title=\"Page 3\">\n\t\t\t<div class=\"layoutArea\">\n\t\t\t\t<div class=\"column\">\n\t\t\t\t\t<p><span style=\"font-size: 14.000000pt; font-family: 'Calibri'; font-weight: 700\">Il est temps de de\u0301couvrir et diffuser la lettre de Christ que vous e\u0302tes.&nbsp;<\/span><\/p>\n\t\t\t\t<\/div>\n\t\t\t<\/div>\n\t\t<\/div>\n<\/div>\n<\/div>\n<\/div>\t\t\t\t\t\t<\/div>\n\t\t\t\t<\/div>\n\t\t\t\t\t<\/div>\n\t\t<\/div>\n\t\t\t\t\t\t\t<\/div>\n\t\t<\/section>\n\t\t\t\t\t\t<\/div>\n\t\t\t\t\t<\/div>\n\t\t","protected":false},"excerpt":{"rendered":"<p>Le minist\u00e8re Vous \u00eates un message de Dieu \u00e0 la terre Via OKO MINISTRIES, Dieu fa\u00e7onne l\u2019homme pour une parfaite ad\u00e9quation avec l\u2019histoire qu\u2019il a \u00e9crite pour lui, avant sa manifestation sur la terre. Ce minist\u00e8re est caract\u00e9ris\u00e9 par des [&hellip;]<\/p>\n","protected":false},"author":1,"featured_media":0,"parent":0,"menu_order":0,"comment_status":"closed","ping_status":"closed","template":"full-width.php","meta":{"footnotes":""},"class_list":["post-592","page","type-page","status-publish","hentry"],"_links":{"self":[{"href":"https:\/\/www.okoministries.com\/preprod\/wp-json\/wp\/v2\/pages\/592","targetHints":{"allow":["GET"]}}],"collection":[{"href":"https:\/\/www.okoministries.com\/preprod\/wp-json\/wp\/v2\/pages"}],"about":[{"href":"https:\/\/www.okoministries.com\/preprod\/wp-json\/wp\/v2\/types\/page"}],"author":[{"embeddable":true,"href":"https:\/\/www.okoministries.com\/preprod\/wp-json\/wp\/v2\/users\/1"}],"replies":[{"embeddable":true,"href":"https:\/\/www.okoministries.com\/preprod\/wp-json\/wp\/v2\/comments?post=592"}],"version-history":[{"count":35,"href":"https:\/\/www.okoministries.com\/preprod\/wp-json\/wp\/v2\/pages\/592\/revisions"}],"predecessor-version":[{"id":4069,"href":"https:\/\/www.okoministries.com\/preprod\/wp-json\/wp\/v2\/pages\/592\/revisions\/4069"}],"wp:attachment":[{"href":"https:\/\/www.okoministries.com\/preprod\/wp-json\/wp\/v2\/media?parent=592"}],"curies":[{"name":"wp","href":"https:\/\/api.w.org\/{rel}","templated":true}]}}